{"id":36,"date":"2023-08-09T23:07:24","date_gmt":"2023-08-10T02:07:24","guid":{"rendered":"https:\/\/comvetti.com\/?page_id=36"},"modified":"2025-08-02T15:52:41","modified_gmt":"2025-08-02T18:52:41","slug":"sobre","status":"publish","type":"page","link":"https:\/\/comvetti.com\/index.php\/sobre\/","title":{"rendered":"Comvetti &#8211; Quem Somos"},"content":{"rendered":"\n<div class=\"wp-block-uagb-container uagb-block-14cdd712 alignfull uagb-is-root-container\"><div class=\"uagb-container-inner-blocks-wrap\">\n<div class=\"wp-block-media-text is-stacked-on-mobile\" style=\"grid-template-columns:47% auto\"><figure class=\"wp-block-media-text__media\"><img loading=\"lazy\" decoding=\"async\" width=\"1024\" height=\"683\" src=\"http:\/\/comvetti.com\/wp-content\/uploads\/2023\/08\/different-car-accessories-composition-1024x683.jpg\" alt=\"\" class=\"wp-image-42 size-full\" srcset=\"https:\/\/comvetti.com\/wp-content\/uploads\/2023\/08\/different-car-accessories-composition-1024x683.jpg 1024w, https:\/\/comvetti.com\/wp-content\/uploads\/2023\/08\/different-car-accessories-composition-300x200.jpg 300w, https:\/\/comvetti.com\/wp-content\/uploads\/2023\/08\/different-car-accessories-composition-768x512.jpg 768w, https:\/\/comvetti.com\/wp-content\/uploads\/2023\/08\/different-car-accessories-composition-1536x1024.jpg 1536w, https:\/\/comvetti.com\/wp-content\/uploads\/2023\/08\/different-car-accessories-composition-2048x1365.jpg 2048w\" sizes=\"auto, (max-width: 1024px) 100vw, 1024px\" \/><\/figure><div class=\"wp-block-media-text__content\">\n<p class=\"wp-block-paragraph\"><\/p>\n\n\n\n<h2 class=\"wp-block-heading has-ast-global-color-1-color has-text-color has-link-color wp-elements-3a2aefdb85144f44688388a531d849b8\" style=\"margin-top:50px;margin-bottom:10px\">QUEM SOMOS<\/h2>\n\n\n\n<p class=\"justify wp-block-paragraph\" id=\".justify\">Fundada em 2005, a COMVETTI \u00e9 uma empresa refer\u00eancia no fornecimento de solu\u00e7\u00f5es em hidr\u00e1ulica e suprimentos industriais, atendendo com excel\u00eancia os setores da ind\u00fastria, oficinas mec\u00e2nicas e m\u00e1quinas de terraplanagem. Com ampla experi\u00eancia no mercado, nos destacamos pelo fornecimento de mangueiras hidr\u00e1ulicas, nosso principal produto, reconhecido pela alta performance e durabilidade, al\u00e9m de um portf\u00f3lio completo que garante efici\u00eancia e seguran\u00e7a para as mais diversas opera\u00e7\u00f5es.<\/p>\n\n\n\n<p class=\"justify wp-block-paragraph\">Tamb\u00e9m oferecemos uma ampla linha de ferramentas, abra\u00e7adeiras, parafusos, o-rings, pe\u00e7as para freio a ar, lubrificantes, v\u00e1lvulas e adaptadores hidr\u00e1ulicos, atuando como um parceiro confi\u00e1vel em todas as etapas do processo produtivo e de manuten\u00e7\u00e3o.<\/p>\n<\/div><\/div>\n\n\n\n<div class=\"wp-block-media-text has-media-on-the-right is-stacked-on-mobile\" style=\"margin-top:0px;margin-bottom:49px;grid-template-columns:auto 39%\"><div class=\"wp-block-media-text__content\">\n<p class=\"wp-block-paragraph\"><\/p>\n\n\n\n<p class=\"justify wp-block-paragraph\">Nosso compromisso \u00e9 com a agilidade, qualidade e confian\u00e7a. Sabemos que paradas inesperadas geram preju\u00edzos \u2014 por isso, oferecemos atendimento especializado tamb\u00e9m aos domingos, feriados e fora do hor\u00e1rio comercial, garantindo suporte quando mais se precisa.<\/p>\n\n\n\n<p class=\"justify wp-block-paragraph\">Com uma equipe t\u00e9cnica preparada e atendimento personalizado, a COMVETTI se consolida como parceira estrat\u00e9gica para ind\u00fastrias, oficinas e operadores de m\u00e1quinas pesadas, entregando n\u00e3o apenas produtos, mas solu\u00e7\u00f5es confi\u00e1veis para o dia a dia do setor.<\/p>\n<\/div><figure class=\"wp-block-media-text__media\"><img loading=\"lazy\" decoding=\"async\" width=\"1024\" height=\"683\" src=\"http:\/\/comvetti.com\/wp-content\/uploads\/2023\/08\/different-car-accessories-composition-1024x683.jpg\" alt=\"\" class=\"wp-image-42 size-full\" srcset=\"https:\/\/comvetti.com\/wp-content\/uploads\/2023\/08\/different-car-accessories-composition-1024x683.jpg 1024w, https:\/\/comvetti.com\/wp-content\/uploads\/2023\/08\/different-car-accessories-composition-300x200.jpg 300w, https:\/\/comvetti.com\/wp-content\/uploads\/2023\/08\/different-car-accessories-composition-768x512.jpg 768w, https:\/\/comvetti.com\/wp-content\/uploads\/2023\/08\/different-car-accessories-composition-1536x1024.jpg 1536w, https:\/\/comvetti.com\/wp-content\/uploads\/2023\/08\/different-car-accessories-composition-2048x1365.jpg 2048w\" sizes=\"auto, (max-width: 1024px) 100vw, 1024px\" \/><\/figure><\/div>\n\n\n<p class=\"advgb-dyn-b79c12ce\"><style id=\"wp_carousel_dynamic_css256\">.sp-wp-carousel-free-id-256.wpcf-fancybox-wrapper .fancybox-bg{background: #0b0b0b;opacity: 0.8;}.sp-wp-carousel-free-id-256.wpcf-fancybox-wrapper .fancybox-navigation .fancybox-button .wpcp-fancybox-nav-arrow i {color: #ccc;}.sp-wp-carousel-free-id-256.wpcf-fancybox-wrapper .fancybox-navigation .fancybox-button .wpcp-fancybox-nav-arrow i:hover {color: #fff;}.sp-wp-carousel-free-id-256.wpcf-fancybox-wrapper .fancybox-navigation .fancybox-button {background: #1e1e1e;}.sp-wp-carousel-free-id-256.wpcf-fancybox-wrapper .fancybox-navigation .fancybox-button:hover {background: #1e1e1e;}#sp-wp-carousel-free-id-256 .wpcp-swiper-dots {margin: 40px 0px 0px 0px;}.wpcp-wrapper-256 .swiper-wrapper .swiper-slide-kenburn, .wpcp-wrapper-256 .swiper-wrapper, .wpcp-wrapper-256 .wpcpro-row{align-items: center;}#sp-wp-carousel-free-id-256 .wpcp-single-item {box-shadow: 0px 0px 0px 0px #dddddd;transition: all .3s;margin: 0px;}#sp-wp-carousel-free-id-256.swiper-flip .wpcp-single-item{margin: 0!important;}#sp-wp-carousel-free-id-256 .wpcp-single-item:hover {box-shadow: 0px 0px 0px 0px #dddddd;}#sp-wp-carousel-free-id-256.sp-wpcp-256 .wpcp-single-item {border: 1px solid #dddddd;}#sp-wp-carousel-free-id-256.wpcp-carousel-section.sp-wpcp-256 .swiper-button-prev,#sp-wp-carousel-free-id-256.wpcp-carousel-section.sp-wpcp-256 .swiper-button-next,#sp-wp-carousel-free-id-256.wpcp-carousel-section.sp-wpcp-256 .swiper-button-prev:hover,#sp-wp-carousel-free-id-256.wpcp-carousel-section.sp-wpcp-256 .swiper-button-next:hover {font-size: 18px ; font-weight: 400;}#sp-wp-carousel-free-id-256.sp-wpcp-256 .swiper-button-prev,#sp-wp-carousel-free-id-256.sp-wpcp-256 .swiper-button-next,#sp-wp-carousel-free-id-256.sp-wpcp-256 .swiper-button-prev:hover,#sp-wp-carousel-free-id-256.sp-wpcp-256 .swiper-button-next:hover {background: none;border: none;font-size: 30px;}#sp-wp-carousel-free-id-256.sp-wpcp-256 .swiper-button-prev i,#sp-wp-carousel-free-id-256.sp-wpcp-256 .swiper-button-next i {color: #aaa;}#sp-wp-carousel-free-id-256.sp-wpcp-256 .swiper-button-prev i:hover,#sp-wp-carousel-free-id-256.sp-wpcp-256 .swiper-button-next i:hover {color: #178087;}#sp-wp-carousel-free-id-256.sp-wpcp-256 .wpcp-swiper-dots .swiper-pagination-bullet {background-color: #cccccc;}#sp-wp-carousel-free-id-256.sp-wpcp-256 .wpcp-swiper-dots .swiper-pagination-bullet.swiper-pagination-bullet-active {background-color: #178087;} #sp-wp-carousel-free-id-256.sp-wpcp-256.wpcp-image-carousel .wpcp-single-item:hover img, #sp-wp-carousel-free-id-256.sp-wpcp-256.wpcp-post-carousel .wpcp-single-item:hover img, #sp-wp-carousel-free-id-256.sp-wpcp-256.wpcp-product-carousel .wpcp-single-item:hover img{-webkit-transform: scale(1.2);-moz-transform: scale(1.2);transform: scale(1.2);}#sp-wp-carousel-free-id-256 .wpcpro-row>[class*=\"wpcpro-col-\"] { padding: 0 10px; padding-bottom: 20px;} #sp-wp-carousel-free-id-256 .swiper-slide .single-item-fade:not(:last-child) { margin-right: 20px;}@media (min-width: 480px) { .wpcpro-row .wpcpro-col-sm-1 { flex: 0 0 100%; max-width: 100%; } .wpcpro-row .wpcpro-col-sm-2 { flex: 0 0 50%; max-width: 50%; } .wpcpro-row .wpcpro-col-sm-2-5 { flex: 0 0 75%; max-width: 75%; } .wpcpro-row .wpcpro-col-sm-3 { flex: 0 0 33.333%; max-width: 33.333%; } .wpcpro-row .wpcpro-col-sm-4 { flex: 0 0 25%; max-width: 25%; } .wpcpro-row .wpcpro-col-sm-5 { flex: 0 0 20%; max-width: 20%; } .wpcpro-row .wpcpro-col-sm-6 { flex: 0 0 16.66666666666667%; max-width: 16.66666666666667%; } .wpcpro-row .wpcpro-col-sm-7 { flex: 0 0 14.28571428%; max-width: 14.28571428%; } .wpcpro-row .wpcpro-col-sm-8 { flex: 0 0 12.5%; max-width: 12.5%; } } @media (max-width: 480px) { .wpcpro-row .wpcpro-col-xs-1 { flex: 0 0 100%; max-width: 100%; } .wpcpro-row .wpcpro-col-xs-2 { flex: 0 0 50%; max-width: 50%; } .wpcpro-row .wpcpro-col-xs-3 { flex: 0 0 33.222%; max-width: 33.222%; } .wpcpro-row .wpcpro-col-xs-4 { flex: 0 0 25%; max-width: 25%; } .wpcpro-row .wpcpro-col-xs-5 { flex: 0 0 20%; max-width: 20%; } .wpcpro-row .wpcpro-col-xs-6 { flex: 0 0 16.6667%; max-width: 16.6667%; } .wpcpro-row .wpcpro-col-xs-7 { flex: 0 0 14.28571428%; max-width: 14.28571428%; } .wpcpro-row .wpcpro-col-xs-8 { flex: 0 0 12.5%; max-width: 12.5%; } } @media (min-width: 736px) { .wpcpro-row .wpcpro-col-md-1 { flex: 0 0 100%; max-width: 100%; } .wpcpro-row .wpcpro-col-md-2 { flex: 0 0 50%; max-width: 50%; } .wpcpro-row .wpcpro-col-md-2-5 { flex: 0 0 75%; max-width: 75%; } .wpcpro-row .wpcpro-col-md-3 { flex: 0 0 33.333%; max-width: 33.333%; } .wpcpro-row .wpcpro-col-md-4 { flex: 0 0 25%; max-width: 25%; } .wpcpro-row .wpcpro-col-md-5 { flex: 0 0 20%; max-width: 20%; } .wpcpro-row .wpcpro-col-md-6 { flex: 0 0 16.66666666666667%; max-width: 16.66666666666667%; } .wpcpro-row .wpcpro-col-md-7 { flex: 0 0 14.28571428%; max-width: 14.28571428%; } .wpcpro-row .wpcpro-col-md-8 { flex: 0 0 12.5%; max-width: 12.5%; } } @media (min-width: 980px) { .wpcpro-row .wpcpro-col-lg-1 { flex: 0 0 100%; max-width: 100%; } .wpcpro-row .wpcpro-col-lg-2 { flex: 0 0 50%; max-width: 50%; } .wpcpro-row .wpcpro-col-lg-3 { flex: 0 0 33.222%; max-width: 33.222%; } .wpcpro-row .wpcpro-col-lg-4 { flex: 0 0 25%; max-width: 25%; } .wpcpro-row .wpcpro-col-lg-5 { flex: 0 0 20%; max-width: 20%; } .wpcpro-row .wpcpro-col-lg-6 { flex: 0 0 16.6667%; max-width: 16.6667%; } .wpcpro-row .wpcpro-col-lg-7 { flex: 0 0 14.28571428%; max-width: 14.28571428%; } .wpcpro-row .wpcpro-col-lg-8 { flex: 0 0 12.5%; max-width: 12.5%; } } @media (min-width: 1200px) { .wpcpro-row .wpcpro-col-xl-1 { flex: 0 0 100%; max-width: 100%; } .wpcpro-row .wpcpro-col-xl-2 { flex: 0 0 50%; max-width: 50%; } .wpcpro-row .wpcpro-col-xl-3 { flex: 0 0 33.22222222%; max-width: 33.22222222%; } .wpcpro-row .wpcpro-col-xl-4 { flex: 0 0 25%; max-width: 25%; } .wpcpro-row .wpcpro-col-xl-5 { flex: 0 0 20%; max-width: 20%; } .wpcpro-row .wpcpro-col-xl-6 { flex: 0 0 16.66667%; max-width: 16.66667%; } .wpcpro-row .wpcpro-col-xl-7 { flex: 0 0 14.28571428%; max-width: 14.28571428%; } .wpcpro-row .wpcpro-col-xl-8 { flex: 0 0 12.5%; max-width: 12.5%; } }<\/style><div class=\"wpcp-carousel-wrapper wpcp-wrapper-256\">\n\t<div id=\"wpcp-preloader-256\" class=\"wpcp-carousel-preloader\"><img decoding=\"async\" src=\"https:\/\/comvetti.com\/wp-content\/plugins\/wp-carousel-free\/public\/css\/spinner.svg\" alt=\"Preloader Image\" \/><\/div>\t<div class=\"wpcp-carousel-content-wrapper\">\n\t<div id=\"sp-wp-carousel-free-id-256\" class=\"wpcp-carousel-section sp-wpcp-256  nav-vertical-center wpcp-image-carousel wpcp-preloader wpcp-standard wpcp-center\" data-swiper='{ &quot;pagination_type&quot;: &quot;dots&quot;,&quot;accessibility&quot;:true, &quot;spaceBetween&quot;:20, &quot;arrows&quot;:true, &quot;freeMode&quot;: false, &quot;autoplay&quot;:true, &quot;effect&quot;: &quot;slide&quot;, &quot;centerMode&quot;: true, &quot;autoplaySpeed&quot;:3000, &quot;dots&quot;:true, &quot;infinite&quot;:true, &quot;speed&quot;:600, &quot;pauseOnHover&quot;:true,\n\t\t\t&quot;slidesToShow&quot;:{&quot;lg_desktop&quot;:4, &quot;desktop&quot;: 3, &quot;laptop&quot;: 3, &quot;tablet&quot;: 2, &quot;mobile&quot;: 1}, &quot;responsive&quot;:{&quot;desktop&quot;:1200, &quot;laptop&quot;: 980, &quot;tablet&quot;: 736, &quot;mobile&quot;: 480}, &quot;rtl&quot;:false, &quot;lazyLoad&quot;: &quot;false&quot;, &quot;swipe&quot;: true, &quot;draggable&quot;: true, &quot;swipeToSlide&quot;:false }' dir=\"ltr\">\n\t\t<div class=\"swiper-wrapper\">\n\t\t<div class=\"swiper-slide\">\n\t<div class=\"wpcp-single-item\">\n\t\t\t<a class=\"wcp-light-box\" data-buttons='[\"close\"]' data-wpc_url='https:\/\/comvetti.com\/wp-content\/uploads\/2023\/08\/Valeo_Logo.svg_.png' href=\"https:\/\/comvetti.com\/wp-content\/uploads\/2023\/08\/Valeo_Logo.svg_.png\" data-fancybox=\"wpcp_view\">\n\t\t<figure>\n\t\t\t<img loading=\"lazy\" decoding=\"async\" class=\"skip-lazy\" src=\"https:\/\/comvetti.com\/wp-content\/uploads\/2023\/08\/Valeo_Logo.svg_.png\" alt=\"Valeo_Logo.svg\" width=\"2560\" height=\"1217\">\t\t<\/figure>\n\t<\/a>\n\t\t<\/div>\n<\/div>\n\t<div class=\"swiper-slide\">\n\t<div class=\"wpcp-single-item\">\n\t\t\t<a class=\"wcp-light-box\" data-buttons='[\"close\"]' data-wpc_url='https:\/\/comvetti.com\/wp-content\/uploads\/2023\/08\/cofap-logo.jpg' href=\"https:\/\/comvetti.com\/wp-content\/uploads\/2023\/08\/cofap-logo.jpg\" data-fancybox=\"wpcp_view\">\n\t\t<figure>\n\t\t\t<img loading=\"lazy\" decoding=\"async\" class=\"skip-lazy\" src=\"https:\/\/comvetti.com\/wp-content\/uploads\/2023\/08\/cofap-logo.jpg\" alt=\"cofap logo\" width=\"480\" height=\"108\">\t\t<\/figure>\n\t<\/a>\n\t\t<\/div>\n<\/div>\n\t<div class=\"swiper-slide\">\n\t<div class=\"wpcp-single-item\">\n\t\t\t<a class=\"wcp-light-box\" data-buttons='[\"close\"]' data-wpc_url='https:\/\/comvetti.com\/wp-content\/uploads\/2023\/08\/Philips_logo_new.svg_.png' href=\"https:\/\/comvetti.com\/wp-content\/uploads\/2023\/08\/Philips_logo_new.svg_.png\" data-fancybox=\"wpcp_view\">\n\t\t<figure>\n\t\t\t<img loading=\"lazy\" decoding=\"async\" class=\"skip-lazy\" src=\"https:\/\/comvetti.com\/wp-content\/uploads\/2023\/08\/Philips_logo_new.svg_.png\" alt=\"Philips_logo_new.svg\" width=\"2560\" height=\"471\">\t\t<\/figure>\n\t<\/a>\n\t\t<\/div>\n<\/div>\n\t<div class=\"swiper-slide\">\n\t<div class=\"wpcp-single-item\">\n\t\t\t<a class=\"wcp-light-box\" data-buttons='[\"close\"]' data-wpc_url='https:\/\/comvetti.com\/wp-content\/uploads\/2023\/08\/800px-Titan_International_logo.svg_.png' href=\"https:\/\/comvetti.com\/wp-content\/uploads\/2023\/08\/800px-Titan_International_logo.svg_.png\" data-fancybox=\"wpcp_view\">\n\t\t<figure>\n\t\t\t<img loading=\"lazy\" decoding=\"async\" class=\"skip-lazy\" src=\"https:\/\/comvetti.com\/wp-content\/uploads\/2023\/08\/800px-Titan_International_logo.svg_.png\" alt=\"800px-Titan_International_logo.svg\" width=\"800\" height=\"177\">\t\t<\/figure>\n\t<\/a>\n\t\t<\/div>\n<\/div>\n\t<div class=\"swiper-slide\">\n\t<div class=\"wpcp-single-item\">\n\t\t\t<a class=\"wcp-light-box\" data-buttons='[\"close\"]' data-wpc_url='https:\/\/comvetti.com\/wp-content\/uploads\/2023\/08\/Bosch-Logo.png' href=\"https:\/\/comvetti.com\/wp-content\/uploads\/2023\/08\/Bosch-Logo.png\" data-fancybox=\"wpcp_view\">\n\t\t<figure>\n\t\t\t<img loading=\"lazy\" decoding=\"async\" class=\"skip-lazy\" src=\"https:\/\/comvetti.com\/wp-content\/uploads\/2023\/08\/Bosch-Logo.png\" alt=\"Bosch-Logo\" width=\"3840\" height=\"2160\">\t\t<\/figure>\n\t<\/a>\n\t\t<\/div>\n<\/div>\n\t\t\t<\/div>\n\t\t\t\t\t<div class=\"wpcp-swiper-dots swiper-pagination\"><\/div>\n\t\t\t\t<!-- If we need navigation buttons -->\n\t\t\t\t\t<div class=\"wpcp-prev-button swiper-button-prev\"><i class=\"fa fa-angle-left\"><\/i><\/div>\n\t\t\t<div class=\"wpcp-next-button swiper-button-next\"><i class=\"fa fa-angle-right\"><\/i><\/div>\n\t\t\t<\/div>\n\t<\/div>\n<\/div>\n<\/p>\n<\/div><\/div>\n\n\n\n<div class=\"wp-block-uagb-container uagb-block-3063dd3e alignfull uagb-is-root-container\"><div class=\"uagb-container-inner-blocks-wrap\">\n<div class=\"wp-block-columns is-layout-flex wp-container-core-columns-is-layout-faa407b9 wp-block-columns-is-layout-flex\" style=\"padding-top:50px;padding-bottom:50px\">\n<div class=\"wp-block-column is-layout-flow wp-block-column-is-layout-flow\" style=\"flex-basis:66.66%\">\n<h4 class=\"wp-block-heading\">Conhe\u00e7a nossas lojas<\/h4>\n\n\n\n<div class=\"wp-block-columns is-layout-flex wp-container-core-columns-is-layout-7387b849 wp-block-columns-is-layout-flex\">\n<div class=\"wp-block-column is-layout-flow wp-block-column-is-layout-flow\">\n<p class=\"wp-block-paragraph\">Santo Ant\u00f4nio de Jesus<\/p>\n\n\n\n<p class=\"wp-block-paragraph\">Rua Pastor Aniel Silva Costa, 279 &#8211; Amparo<\/p>\n<\/div>\n\n\n\n<div class=\"wp-block-column is-layout-flow wp-block-column-is-layout-flow\">\n<p class=\"wp-block-paragraph\">Sim\u00f5es Filho<\/p>\n\n\n\n<p class=\"wp-block-paragraph\">BA &#8211; 093, Fazenda Santa Rosa, S\/N<\/p>\n<\/div>\n<\/div>\n<\/div>\n\n\n\n<div class=\"wp-block-column is-vertically-aligned-center is-layout-flow wp-block-column-is-layout-flow\" style=\"flex-basis:33.33%\">\n<h4 class=\"wp-block-heading\">Fale Conosco<\/h4>\n\n\n\n<div class=\"wp-block-uagb-icon-list uagb-block-eff9870b\"><div class=\"uagb-icon-list__wrap\">\n<div class=\"wp-block-uagb-icon-list-child uagb-block-a7a289c5\"><span class=\"uagb-icon-list__source-wrap\"><svg xmlns=\"https:\/\/www.w3.org\/2000\/svg\" viewBox=\"0 0 512 512\"><path d=\"M464 64C490.5 64 512 85.49 512 112C512 127.1 504.9 141.3 492.8 150.4L275.2 313.6C263.8 322.1 248.2 322.1 236.8 313.6L19.2 150.4C7.113 141.3 0 127.1 0 112C0 85.49 21.49 64 48 64H464zM217.6 339.2C240.4 356.3 271.6 356.3 294.4 339.2L512 176V384C512 419.3 483.3 448 448 448H64C28.65 448 0 419.3 0 384V176L217.6 339.2z\"><\/path><\/svg><\/span><span class=\"uagb-icon-list__label\">comercial@comvetti.com<\/span><\/div>\n\n\n\n<div class=\"wp-block-uagb-icon-list-child uagb-block-c349e3cb\"><span class=\"uagb-icon-list__source-wrap\"><svg xmlns=\"https:\/\/www.w3.org\/2000\/svg\" viewBox=\"0 0 448 512\"><path d=\"M380.9 97.1C339 55.1 283.2 32 223.9 32c-122.4 0-222 99.6-222 222 0 39.1 10.2 77.3 29.6 111L0 480l117.7-30.9c32.4 17.7 68.9 27 106.1 27h.1c122.3 0 224.1-99.6 224.1-222 0-59.3-25.2-115-67.1-157zm-157 341.6c-33.2 0-65.7-8.9-94-25.7l-6.7-4-69.8 18.3L72 359.2l-4.4-7c-18.5-29.4-28.2-63.3-28.2-98.2 0-101.7 82.8-184.5 184.6-184.5 49.3 0 95.6 19.2 130.4 54.1 34.8 34.9 56.2 81.2 56.1 130.5 0 101.8-84.9 184.6-186.6 184.6zm101.2-138.2c-5.5-2.8-32.8-16.2-37.9-18-5.1-1.9-8.8-2.8-12.5 2.8-3.7 5.6-14.3 18-17.6 21.8-3.2 3.7-6.5 4.2-12 1.4-32.6-16.3-54-29.1-75.5-66-5.7-9.8 5.7-9.1 16.3-30.3 1.8-3.7 .9-6.9-.5-9.7-1.4-2.8-12.5-30.1-17.1-41.2-4.5-10.8-9.1-9.3-12.5-9.5-3.2-.2-6.9-.2-10.6-.2-3.7 0-9.7 1.4-14.8 6.9-5.1 5.6-19.4 19-19.4 46.3 0 27.3 19.9 53.7 22.6 57.4 2.8 3.7 39.1 59.7 94.8 83.8 35.2 15.2 49 16.5 66.6 13.9 10.7-1.6 32.8-13.4 37.4-26.4 4.6-13 4.6-24.1 3.2-26.4-1.3-2.5-5-3.9-10.5-6.6z\"><\/path><\/svg><\/span><span class=\"uagb-icon-list__label\">71 994042646<\/span><\/div>\n\n\n\n<div class=\"wp-block-uagb-icon-list-child uagb-block-b680fde0\"><span class=\"uagb-icon-list__source-wrap\"><svg xmlns=\"https:\/\/www.w3.org\/2000\/svg\" viewBox=\"0 0 512 512\"><path d=\"M511.2 387l-23.25 100.8c-3.266 14.25-15.79 24.22-30.46 24.22C205.2 512 0 306.8 0 54.5c0-14.66 9.969-27.2 24.22-30.45l100.8-23.25C139.7-2.602 154.7 5.018 160.8 18.92l46.52 108.5c5.438 12.78 1.77 27.67-8.98 36.45L144.5 207.1c33.98 69.22 90.26 125.5 159.5 159.5l44.08-53.8c8.688-10.78 23.69-14.51 36.47-8.975l108.5 46.51C506.1 357.2 514.6 372.4 511.2 387z\"><\/path><\/svg><\/span><span class=\"uagb-icon-list__label\">75 36312017<\/span><\/div>\n<\/div><\/div>\n\n\n\n<figure class=\"wp-block-image aligncenter size-full is-resized\" style=\"margin-top:40px;margin-bottom:40px\"><img loading=\"lazy\" decoding=\"async\" width=\"819\" height=\"227\" src=\"http:\/\/comvetti.com\/wp-content\/uploads\/2023\/08\/cropped-Sem-titulo.png\" alt=\"\" class=\"wp-image-13\" style=\"aspect-ratio:3.6080536912751677;width:223px;height:auto\" srcset=\"https:\/\/comvetti.com\/wp-content\/uploads\/2023\/08\/cropped-Sem-titulo.png 819w, https:\/\/comvetti.com\/wp-content\/uploads\/2023\/08\/cropped-Sem-titulo-300x83.png 300w, https:\/\/comvetti.com\/wp-content\/uploads\/2023\/08\/cropped-Sem-titulo-768x213.png 768w, https:\/\/comvetti.com\/wp-content\/uploads\/2023\/08\/cropped-Sem-titulo-185x51.png 185w\" sizes=\"auto, (max-width: 819px) 100vw, 819px\" \/><\/figure>\n<\/div>\n<\/div>\n<\/div><\/div>\n\n\n\n<p class=\"wp-block-paragraph\"><\/p>\n","protected":false},"excerpt":{"rendered":"<p>QUEM SOMOS Fundada em 2005, a COMVETTI \u00e9 uma empresa refer\u00eancia no fornecimento de solu\u00e7\u00f5es em hidr\u00e1ulica e suprimentos industriais, atendendo com excel\u00eancia os setores da ind\u00fastria, oficinas mec\u00e2nicas e m\u00e1quinas de terraplanagem. Com ampla experi\u00eancia no mercado, nos destacamos pelo fornecimento de mangueiras hidr\u00e1ulicas, nosso principal produto, reconhecido pela alta performance e durabilidade, al\u00e9m [&hellip;]<\/p>\n","protected":false},"author":1,"featured_media":0,"parent":0,"menu_order":0,"comment_status":"closed","ping_status":"closed","template":"","meta":{"_crdt_document":"","_uag_custom_page_level_css":"","advgb_blocks_editor_width":"","advgb_blocks_columns_visual_guide":"","_monsterinsights_skip_tracking":false,"_monsterinsights_sitenote_active":false,"_monsterinsights_sitenote_note":"","_monsterinsights_sitenote_category":0,"site-sidebar-layout":"default","site-content-layout":"","ast-site-content-layout":"default","site-content-style":"default","site-sidebar-style":"default","ast-global-header-display":"","ast-banner-title-visibility":"","ast-main-header-display":"","ast-hfb-above-header-display":"","ast-hfb-below-header-display":"","ast-hfb-mobile-header-display":"","site-post-title":"disabled","ast-breadcrumbs-content":"","ast-featured-img":"","footer-sml-layout":"","ast-disable-related-posts":"","theme-transparent-header-meta":"","adv-header-id-meta":"","stick-header-meta":"","header-above-stick-meta":"","header-main-stick-meta":"","header-below-stick-meta":"","astra-migrate-meta-layouts":"set","ast-page-background-enabled":"default","ast-page-background-meta":{"desktop":{"background-color":"var(--ast-global-color-4)","background-image":"","background-repeat":"repeat","background-position":"center center","background-size":"auto","background-attachment":"scroll","background-type":"","background-media":"","overlay-type":"","overlay-color":"","overlay-opacity":"","overlay-gradient":""},"tablet":{"background-color":"","background-image":"","background-repeat":"repeat","background-position":"center center","background-size":"auto","background-attachment":"scroll","background-type":"","background-media":"","overlay-type":"","overlay-color":"","overlay-opacity":"","overlay-gradient":""},"mobile":{"background-color":"","background-image":"","background-repeat":"repeat","background-position":"center center","background-size":"auto","background-attachment":"scroll","background-type":"","background-media":"","overlay-type":"","overlay-color":"","overlay-opacity":"","overlay-gradient":""}},"ast-content-background-meta":{"desktop":{"background-color":"var(--ast-global-color-5)","background-image":"","background-repeat":"repeat","background-position":"center center","background-size":"auto","background-attachment":"scroll","background-type":"","background-media":"","overlay-type":"","overlay-color":"","overlay-opacity":"","overlay-gradient":""},"tablet":{"background-color":"var(--ast-global-color-5)","background-image":"","background-repeat":"repeat","background-position":"center center","background-size":"auto","background-attachment":"scroll","background-type":"","background-media":"","overlay-type":"","overlay-color":"","overlay-opacity":"","overlay-gradient":""},"mobile":{"background-color":"var(--ast-global-color-5)","background-image":"","background-repeat":"repeat","background-position":"center center","background-size":"auto","background-attachment":"scroll","background-type":"","background-media":"","overlay-type":"","overlay-color":"","overlay-opacity":"","overlay-gradient":""}},"footnotes":""},"class_list":["post-36","page","type-page","status-publish","hentry"],"aioseo_notices":[],"uagb_featured_image_src":{"full":false,"thumbnail":false,"medium":false,"medium_large":false,"large":false,"1536x1536":false,"2048x2048":false},"uagb_author_info":{"display_name":"comvetti.com","author_link":"https:\/\/comvetti.com\/index.php\/author\/comvetti-com\/"},"uagb_comment_info":0,"uagb_excerpt":"QUEM SOMOS Fundada em 2005, a COMVETTI \u00e9 uma empresa refer\u00eancia no fornecimento de solu\u00e7\u00f5es em hidr\u00e1ulica e suprimentos industriais, atendendo com excel\u00eancia os setores da ind\u00fastria, oficinas mec\u00e2nicas e m\u00e1quinas de terraplanagem. Com ampla experi\u00eancia no mercado, nos destacamos pelo fornecimento de mangueiras hidr\u00e1ulicas, nosso principal produto, reconhecido pela alta performance e durabilidade, al\u00e9m&hellip;","coauthors":[],"author_meta":{"author_link":"https:\/\/comvetti.com\/index.php\/author\/comvetti-com\/","display_name":"comvetti.com"},"relative_dates":{"created":"Posted 3 years ago","modified":"Updated 8 months ago"},"absolute_dates":{"created":"Posted on 9 de August de 2023","modified":"Updated on 2 de August de 2025"},"absolute_dates_time":{"created":"Posted on 9 de August de 2023 23:07","modified":"Updated on 2 de August de 2025 15:52"},"featured_img_caption":"","featured_img":false,"series_order":"","_links":{"self":[{"href":"https:\/\/comvetti.com\/index.php\/wp-json\/wp\/v2\/pages\/36","targetHints":{"allow":["GET"]}}],"collection":[{"href":"https:\/\/comvetti.com\/index.php\/wp-json\/wp\/v2\/pages"}],"about":[{"href":"https:\/\/comvetti.com\/index.php\/wp-json\/wp\/v2\/types\/page"}],"author":[{"embeddable":true,"href":"https:\/\/comvetti.com\/index.php\/wp-json\/wp\/v2\/users\/1"}],"replies":[{"embeddable":true,"href":"https:\/\/comvetti.com\/index.php\/wp-json\/wp\/v2\/comments?post=36"}],"version-history":[{"count":39,"href":"https:\/\/comvetti.com\/index.php\/wp-json\/wp\/v2\/pages\/36\/revisions"}],"predecessor-version":[{"id":285,"href":"https:\/\/comvetti.com\/index.php\/wp-json\/wp\/v2\/pages\/36\/revisions\/285"}],"wp:attachment":[{"href":"https:\/\/comvetti.com\/index.php\/wp-json\/wp\/v2\/media?parent=36"}],"curies":[{"name":"wp","href":"https:\/\/api.w.org\/{rel}","templated":true}]}}