{"id":313,"date":"2025-08-24T12:54:15","date_gmt":"2025-08-24T15:54:15","guid":{"rendered":"https:\/\/comvetti.com\/?page_id=313"},"modified":"2025-08-24T13:23:53","modified_gmt":"2025-08-24T16:23:53","slug":"manutencao","status":"publish","type":"page","link":"https:\/\/comvetti.com\/","title":{"rendered":"Manuten\u00e7\u00e3o"},"content":{"rendered":"\n<div class=\"wp-block-uagb-container uagb-layout-grid uagb-block-281f3c04 alignfull uagb-is-root-container\">\n<div class=\"wp-block-media-text is-stacked-on-mobile\"><figure class=\"wp-block-media-text__media\"><img loading=\"lazy\" decoding=\"async\" width=\"1000\" height=\"1000\" src=\"https:\/\/comvetti.com\/wp-content\/uploads\/2025\/08\/Mesa-de-trabajo-1@2x.png\" alt=\"\" class=\"wp-image-326 size-full\" srcset=\"https:\/\/comvetti.com\/wp-content\/uploads\/2025\/08\/Mesa-de-trabajo-1@2x.png 1000w, https:\/\/comvetti.com\/wp-content\/uploads\/2025\/08\/Mesa-de-trabajo-1@2x-300x300.png 300w, https:\/\/comvetti.com\/wp-content\/uploads\/2025\/08\/Mesa-de-trabajo-1@2x-150x150.png 150w, https:\/\/comvetti.com\/wp-content\/uploads\/2025\/08\/Mesa-de-trabajo-1@2x-768x768.png 768w\" sizes=\"auto, (max-width: 1000px) 100vw, 1000px\" \/><\/figure><div class=\"wp-block-media-text__content\">\n<h2 class=\"wp-block-heading\">\ud83d\udea7 SITE EM CONSTRU\u00c7\u00c3O\ud83d\udea7<\/h2>\n\n\n\n<h4 class=\"wp-block-heading\">Estamos trabalhando para trazer at\u00e9 voc\u00ea uma nova experi\u00eancia online!<\/h4>\n\n\n\n<p class=\"wp-block-paragraph\">Enquanto isso, para mais informa\u00e7\u00f5es entre em contato conosco pelos n\u00fameros 71 994042646 (Sim\u00f5es Filho) ou 75 36312017 (Santo Ant\u00f4nio de Jesus).<\/p>\n\n\n\n<p class=\"wp-block-paragraph\"><\/p>\n<\/div><\/div>\n<\/div>\n","protected":false},"excerpt":{"rendered":"<p>\ud83d\udea7 SITE EM CONSTRU\u00c7\u00c3O\ud83d\udea7 Estamos trabalhando para trazer at\u00e9 voc\u00ea uma nova experi\u00eancia online! Enquanto isso, para mais informa\u00e7\u00f5es entre em contato conosco pelos n\u00fameros 71 994042646 (Sim\u00f5es Filho) ou 75 36312017 (Santo Ant\u00f4nio de Jesus).<\/p>\n","protected":false},"author":1,"featured_media":0,"parent":0,"menu_order":0,"comment_status":"closed","ping_status":"closed","template":"","meta":{"_crdt_document":"","_uag_custom_page_level_css":"","advgb_blocks_editor_width":"","advgb_blocks_columns_visual_guide":"","_monsterinsights_skip_tracking":false,"_monsterinsights_sitenote_active":false,"_monsterinsights_sitenote_note":"","_monsterinsights_sitenote_category":0,"site-sidebar-layout":"default","site-content-layout":"","ast-site-content-layout":"default","site-content-style":"default","site-sidebar-style":"default","ast-global-header-display":"","ast-banner-title-visibility":"","ast-main-header-display":"","ast-hfb-above-header-display":"","ast-hfb-below-header-display":"","ast-hfb-mobile-header-display":"","site-post-title":"disabled","ast-breadcrumbs-content":"","ast-featured-img":"","footer-sml-layout":"","ast-disable-related-posts":"","theme-transparent-header-meta":"","adv-header-id-meta":"","stick-header-meta":"","header-above-stick-meta":"","header-main-stick-meta":"","header-below-stick-meta":"","astra-migrate-meta-layouts":"set","ast-page-background-enabled":"default","ast-page-background-meta":{"desktop":{"background-color":"var(--ast-global-color-4)","background-image":"","background-repeat":"repeat","background-position":"center center","background-size":"auto","background-attachment":"scroll","background-type":"","background-media":"","overlay-type":"","overlay-color":"","overlay-opacity":"","overlay-gradient":""},"tablet":{"background-color":"","background-image":"","background-repeat":"repeat","background-position":"center center","background-size":"auto","background-attachment":"scroll","background-type":"","background-media":"","overlay-type":"","overlay-color":"","overlay-opacity":"","overlay-gradient":""},"mobile":{"background-color":"","background-image":"","background-repeat":"repeat","background-position":"center center","background-size":"auto","background-attachment":"scroll","background-type":"","background-media":"","overlay-type":"","overlay-color":"","overlay-opacity":"","overlay-gradient":""}},"ast-content-background-meta":{"desktop":{"background-color":"var(--ast-global-color-5)","background-image":"","background-repeat":"repeat","background-position":"center center","background-size":"auto","background-attachment":"scroll","background-type":"","background-media":"","overlay-type":"","overlay-color":"","overlay-opacity":"","overlay-gradient":""},"tablet":{"background-color":"var(--ast-global-color-5)","background-image":"","background-repeat":"repeat","background-position":"center center","background-size":"auto","background-attachment":"scroll","background-type":"","background-media":"","overlay-type":"","overlay-color":"","overlay-opacity":"","overlay-gradient":""},"mobile":{"background-color":"var(--ast-global-color-5)","background-image":"","background-repeat":"repeat","background-position":"center center","background-size":"auto","background-attachment":"scroll","background-type":"","background-media":"","overlay-type":"","overlay-color":"","overlay-opacity":"","overlay-gradient":""}},"footnotes":""},"class_list":["post-313","page","type-page","status-publish","hentry"],"aioseo_notices":[],"uagb_featured_image_src":{"full":false,"thumbnail":false,"medium":false,"medium_large":false,"large":false,"1536x1536":false,"2048x2048":false},"uagb_author_info":{"display_name":"comvetti.com","author_link":"https:\/\/comvetti.com\/index.php\/author\/comvetti-com\/"},"uagb_comment_info":0,"uagb_excerpt":"\ud83d\udea7 SITE EM CONSTRU\u00c7\u00c3O\ud83d\udea7 Estamos trabalhando para trazer at\u00e9 voc\u00ea uma nova experi\u00eancia online! Enquanto isso, para mais informa\u00e7\u00f5es entre em contato conosco pelos n\u00fameros 71 994042646 (Sim\u00f5es Filho) ou 75 36312017 (Santo Ant\u00f4nio de Jesus).","coauthors":[],"author_meta":{"author_link":"https:\/\/comvetti.com\/index.php\/author\/comvetti-com\/","display_name":"comvetti.com"},"relative_dates":{"created":"Posted 8 months ago","modified":"Updated 8 months ago"},"absolute_dates":{"created":"Posted on 24 de August de 2025","modified":"Updated on 24 de August de 2025"},"absolute_dates_time":{"created":"Posted on 24 de August de 2025 12:54","modified":"Updated on 24 de August de 2025 13:23"},"featured_img_caption":"","featured_img":false,"series_order":"","_links":{"self":[{"href":"https:\/\/comvetti.com\/index.php\/wp-json\/wp\/v2\/pages\/313","targetHints":{"allow":["GET"]}}],"collection":[{"href":"https:\/\/comvetti.com\/index.php\/wp-json\/wp\/v2\/pages"}],"about":[{"href":"https:\/\/comvetti.com\/index.php\/wp-json\/wp\/v2\/types\/page"}],"author":[{"embeddable":true,"href":"https:\/\/comvetti.com\/index.php\/wp-json\/wp\/v2\/users\/1"}],"replies":[{"embeddable":true,"href":"https:\/\/comvetti.com\/index.php\/wp-json\/wp\/v2\/comments?post=313"}],"version-history":[{"count":6,"href":"https:\/\/comvetti.com\/index.php\/wp-json\/wp\/v2\/pages\/313\/revisions"}],"predecessor-version":[{"id":332,"href":"https:\/\/comvetti.com\/index.php\/wp-json\/wp\/v2\/pages\/313\/revisions\/332"}],"wp:attachment":[{"href":"https:\/\/comvetti.com\/index.php\/wp-json\/wp\/v2\/media?parent=313"}],"curies":[{"name":"wp","href":"https:\/\/api.w.org\/{rel}","templated":true}]}}